{"id":607,"date":"2019-10-26T11:26:59","date_gmt":"2019-10-26T09:26:59","guid":{"rendered":"http:\/\/notredamedestremy.be\/?page_id=607"},"modified":"2020-05-15T08:39:08","modified_gmt":"2020-05-15T06:39:08","slug":"st-remy","status":"publish","type":"page","link":"https:\/\/notredamedestremy.be\/?page_id=607","title":{"rendered":"\u00c9COLE NOTRE-DAME"},"content":{"rendered":"<p>Bienvenue \u00e0 la petite \u00e9cole chouette.<\/p>\n<p>Une \u00e9cole o\u00f9 vos enfants pourront grandir de la maternelle \u00e0 la sixi\u00e8me primaire dans un esprit convivial et au contact de la nature.<\/p>\n<p style=\"text-align: right;\">Jo\u00eblle Willain, directrice.<\/p>\n<hr>\n<h4>Informations pratiques:<\/h4>\n<p><strong>Adresse&nbsp;<\/strong>&nbsp;:<\/p>\n<p>13, Voie du Pont<br \/>\n4672 Saint-Remy<\/p>\n<p><strong>T\u00e9l\u00e9phone&nbsp;<\/strong>: 04 387 62 65<\/p>\n<p><strong>L&rsquo;\u00e9cole est ouverte<\/strong> : du lundi au vendredi de 07h 00 \u00e0 18h 00<br \/>\n<strong>Le mercredi<\/strong> : de 07h 00 \u00e0 14h 45<br \/>\n<strong>Surveillance assur\u00e9e par les enseignants&nbsp;<\/strong>: De 08h 15 \u00e0 8h 30<br \/>\n<strong>Classe assur\u00e9e<\/strong> : De 8h 30 \u00e0 12h 15<br \/>\n<strong>Repas et temps de d\u00e9tente<\/strong> : De 12h 15 \u00e0 13h 30<br \/>\n<strong>Classe assur\u00e9e<\/strong> : De 13h 30 \u00e0 15h 30<br \/>\n<strong>Garderie<\/strong> : De 15 h 35 \u00e0 18 h 00<\/p>\n","protected":false},"excerpt":{"rendered":"<p>Bienvenue \u00e0 la petite \u00e9cole chouette. Une \u00e9cole o\u00f9 vos enfants pourront grandir de la maternelle \u00e0 la sixi\u00e8me primaire dans un esprit convivial et au contact de la nature. Jo\u00eblle Willain, directrice. Informations pratiques: Adresse&nbsp;&nbsp;: 13, Voie du Pont 4672 Saint-Remy T\u00e9l\u00e9phone&nbsp;: 04 387 62 65 L&rsquo;\u00e9cole est ouverte : du lundi au vendredi &hellip; <\/p>\n<p class=\"link-more\"><a href=\"https:\/\/notredamedestremy.be\/?page_id=607\" class=\"more-link\">Continuer la lecture<span class=\"screen-reader-text\"> de &laquo;&nbsp;\u00c9COLE NOTRE-DAME&nbsp;&raquo;<\/span><\/a><\/p>\n","protected":false},"author":1,"featured_media":0,"parent":0,"menu_order":0,"comment_status":"closed","ping_status":"closed","template":"","meta":{"ngg_post_thumbnail":0},"_links":{"self":[{"href":"https:\/\/notredamedestremy.be\/index.php?rest_route=\/wp\/v2\/pages\/607"}],"collection":[{"href":"https:\/\/notredamedestremy.be\/index.php?rest_route=\/wp\/v2\/pages"}],"about":[{"href":"https:\/\/notredamedestremy.be\/index.php?rest_route=\/wp\/v2\/types\/page"}],"author":[{"embeddable":true,"href":"https:\/\/notredamedestremy.be\/index.php?rest_route=\/wp\/v2\/users\/1"}],"replies":[{"embeddable":true,"href":"https:\/\/notredamedestremy.be\/index.php?rest_route=%2Fwp%2Fv2%2Fcomments&post=607"}],"version-history":[{"count":13,"href":"https:\/\/notredamedestremy.be\/index.php?rest_route=\/wp\/v2\/pages\/607\/revisions"}],"predecessor-version":[{"id":1197,"href":"https:\/\/notredamedestremy.be\/index.php?rest_route=\/wp\/v2\/pages\/607\/revisions\/1197"}],"wp:attachment":[{"href":"https:\/\/notredamedestremy.be\/index.php?rest_route=%2Fwp%2Fv2%2Fmedia&parent=607"}],"curies":[{"name":"wp","href":"https:\/\/api.w.org\/{rel}","templated":true}]}}