{"id":651,"date":"2019-10-26T15:17:36","date_gmt":"2019-10-26T13:17:36","guid":{"rendered":"http:\/\/notredamedestremy.be\/?page_id=651"},"modified":"2023-01-15T10:47:16","modified_gmt":"2023-01-15T09:47:16","slug":"ecole-saint-joseph","status":"publish","type":"page","link":"https:\/\/notredamedestremy.be\/?page_id=651","title":{"rendered":"\u00c9COLE SAINT-JOSEPH"},"content":{"rendered":"<p>Bienvenu \u00e0 l&rsquo;\u00e9cole Saint-Joseph.<br \/>\nUne \u00e9cole o\u00f9 vos enfants pourront grandir de la maternelle \u00e0 la sixi\u00e8me primaire dans un esprit convivial et au contact de la nature.<\/p>\n<p style=\"text-align: right;\">Gintikis Alissia, directrice.<\/p>\n<hr>\n<h4>Informations pratiques:<\/h4>\n<p><strong>Adresse<\/strong> :<\/p>\n<p>21, Rue de L&rsquo;\u00c9glise<br \/>\n4602 Cheratte<\/p>\n<p><strong>T\u00e9l\u00e9phone<\/strong> : 04 362 21 03<\/p>\n<p><strong>L&rsquo;\u00e9cole est ouverte<\/strong> : du lundi au vendredi de 07h 00 \u00e0 18h 00<br \/>\n<strong>Le mercredi<\/strong> : de 07h 00 \u00e0 13h 30<br \/>\n<strong>Surveillance assur\u00e9e par les enseignants<\/strong> : De 8h 00 \u00e0 8h 25<br \/>\n<strong>Classe assur\u00e9e<\/strong> : De 8h 25 \u00e0 12h 05<br \/>\n<strong>Repas et temps de d\u00e9tente<\/strong> : De 12h05 \u00e0 13h 30<br \/>\n<strong>Classe assur\u00e9e<\/strong> : De 13h 30 \u00e0 15h 15<br \/>\n<strong>Garderie<\/strong> : De 15h 15 \u00e0 18h 00<\/p>\n","protected":false},"excerpt":{"rendered":"<p>Bienvenu \u00e0 l&rsquo;\u00e9cole Saint-Joseph. Une \u00e9cole o\u00f9 vos enfants pourront grandir de la maternelle \u00e0 la sixi\u00e8me primaire dans un esprit convivial et au contact de la nature. Gintikis Alissia, directrice. Informations pratiques: Adresse : 21, Rue de L&rsquo;\u00c9glise 4602 Cheratte T\u00e9l\u00e9phone : 04 362 21 03 L&rsquo;\u00e9cole est ouverte : du lundi au vendredi &hellip; <\/p>\n<p class=\"link-more\"><a href=\"https:\/\/notredamedestremy.be\/?page_id=651\" class=\"more-link\">Continuer la lecture<span class=\"screen-reader-text\"> de &laquo;&nbsp;\u00c9COLE SAINT-JOSEPH&nbsp;&raquo;<\/span><\/a><\/p>\n","protected":false},"author":1,"featured_media":0,"parent":0,"menu_order":0,"comment_status":"closed","ping_status":"closed","template":"","meta":{"ngg_post_thumbnail":0},"_links":{"self":[{"href":"https:\/\/notredamedestremy.be\/index.php?rest_route=\/wp\/v2\/pages\/651"}],"collection":[{"href":"https:\/\/notredamedestremy.be\/index.php?rest_route=\/wp\/v2\/pages"}],"about":[{"href":"https:\/\/notredamedestremy.be\/index.php?rest_route=\/wp\/v2\/types\/page"}],"author":[{"embeddable":true,"href":"https:\/\/notredamedestremy.be\/index.php?rest_route=\/wp\/v2\/users\/1"}],"replies":[{"embeddable":true,"href":"https:\/\/notredamedestremy.be\/index.php?rest_route=%2Fwp%2Fv2%2Fcomments&post=651"}],"version-history":[{"count":6,"href":"https:\/\/notredamedestremy.be\/index.php?rest_route=\/wp\/v2\/pages\/651\/revisions"}],"predecessor-version":[{"id":3207,"href":"https:\/\/notredamedestremy.be\/index.php?rest_route=\/wp\/v2\/pages\/651\/revisions\/3207"}],"wp:attachment":[{"href":"https:\/\/notredamedestremy.be\/index.php?rest_route=%2Fwp%2Fv2%2Fmedia&parent=651"}],"curies":[{"name":"wp","href":"https:\/\/api.w.org\/{rel}","templated":true}]}}