{"id":721,"date":"2019-10-27T21:08:05","date_gmt":"2019-10-27T20:08:05","guid":{"rendered":"http:\/\/notredamedestremy.be\/?page_id=721"},"modified":"2026-01-08T09:45:00","modified_gmt":"2026-01-08T08:45:00","slug":"equipe-pedagogique","status":"publish","type":"page","link":"https:\/\/notredamedestremy.be\/?page_id=721","title":{"rendered":"L&rsquo;\u00e9quipe p\u00e9dagogique"},"content":{"rendered":"\n<p class=\"has-medium-font-size\">La direction<\/p>\n\n\n\n<figure class=\"wp-block-image size-full is-resized\"><img decoding=\"async\" loading=\"lazy\" src=\"https:\/\/notredamedestremy.be\/wp-content\/uploads\/2025\/11\/662f5067-4374-4916-b45c-e287e5a3e268-1-1.jpg\" alt=\"\" class=\"wp-image-4251\" width=\"252\" height=\"349\" srcset=\"https:\/\/notredamedestremy.be\/wp-content\/uploads\/2025\/11\/662f5067-4374-4916-b45c-e287e5a3e268-1-1.jpg 250w, https:\/\/notredamedestremy.be\/wp-content\/uploads\/2025\/11\/662f5067-4374-4916-b45c-e287e5a3e268-1-1-217x300.jpg 217w\" sizes=\"(max-width: 252px) 100vw, 252px\" \/><\/figure>\n\n\n\n<p>Mme Grattagliano Maria<\/p>\n\n\n\n<p style=\"font-size:23px\">Secr\u00e9tariat<\/p>\n\n\n\n<figure class=\"wp-block-image size-large is-resized\"><img decoding=\"async\" loading=\"lazy\" src=\"http:\/\/notredamedestremy.be\/wp-content\/uploads\/2019\/12\/IMG_20191213_142620-1-1016x1024.jpg\" alt=\"\" class=\"wp-image-973\" width=\"180\" height=\"181\" srcset=\"https:\/\/notredamedestremy.be\/wp-content\/uploads\/2019\/12\/IMG_20191213_142620-1-1016x1024.jpg 1016w, https:\/\/notredamedestremy.be\/wp-content\/uploads\/2019\/12\/IMG_20191213_142620-1-298x300.jpg 298w, https:\/\/notredamedestremy.be\/wp-content\/uploads\/2019\/12\/IMG_20191213_142620-1-150x150.jpg 150w, https:\/\/notredamedestremy.be\/wp-content\/uploads\/2019\/12\/IMG_20191213_142620-1-768x774.jpg 768w, https:\/\/notredamedestremy.be\/wp-content\/uploads\/2019\/12\/IMG_20191213_142620-1-100x100.jpg 100w, https:\/\/notredamedestremy.be\/wp-content\/uploads\/2019\/12\/IMG_20191213_142620-1.jpg 1489w\" sizes=\"(max-width: 180px) 100vw, 180px\" \/><\/figure>\n\n\n\n<p>Mme C\u00e9line Gallait<\/p>\n\n\n\n<p style=\"font-size:23px\">Les maternelles<\/p>\n\n\n\n<div class=\"wp-block-columns is-layout-flex wp-container-3\">\n<div class=\"wp-block-column is-layout-flow\">\n<p class=\"has-text-align-left\"><\/p>\n\n\n\n<figure class=\"wp-block-image size-large is-resized\"><img decoding=\"async\" loading=\"lazy\" src=\"http:\/\/notredamedestremy.be\/wp-content\/uploads\/2019\/12\/IMG_20191213_122149-849x1024.jpg\" alt=\"\" class=\"wp-image-953\" width=\"153\" height=\"184\" srcset=\"https:\/\/notredamedestremy.be\/wp-content\/uploads\/2019\/12\/IMG_20191213_122149-849x1024.jpg 849w, https:\/\/notredamedestremy.be\/wp-content\/uploads\/2019\/12\/IMG_20191213_122149-249x300.jpg 249w, https:\/\/notredamedestremy.be\/wp-content\/uploads\/2019\/12\/IMG_20191213_122149-768x926.jpg 768w, https:\/\/notredamedestremy.be\/wp-content\/uploads\/2019\/12\/IMG_20191213_122149-1274x1536.jpg 1274w, https:\/\/notredamedestremy.be\/wp-content\/uploads\/2019\/12\/IMG_20191213_122149-1699x2048.jpg 1699w, https:\/\/notredamedestremy.be\/wp-content\/uploads\/2019\/12\/IMG_20191213_122149.jpg 1959w\" sizes=\"(max-width: 153px) 100vw, 153px\" \/><\/figure>\n\n\n\n<p>Mme Aur\u00e9lie Randaxhe<\/p>\n\n\n\n<figure class=\"wp-block-image size-large is-resized\"><img decoding=\"async\" loading=\"lazy\" src=\"https:\/\/notredamedestremy.be\/wp-content\/uploads\/2026\/01\/Image-2-576x1024.jpeg\" alt=\"\" class=\"wp-image-4337\" width=\"126\" height=\"223\" srcset=\"https:\/\/notredamedestremy.be\/wp-content\/uploads\/2026\/01\/Image-2-576x1024.jpeg 576w, https:\/\/notredamedestremy.be\/wp-content\/uploads\/2026\/01\/Image-2-169x300.jpeg 169w, https:\/\/notredamedestremy.be\/wp-content\/uploads\/2026\/01\/Image-2-768x1365.jpeg 768w, https:\/\/notredamedestremy.be\/wp-content\/uploads\/2026\/01\/Image-2-864x1536.jpeg 864w, https:\/\/notredamedestremy.be\/wp-content\/uploads\/2026\/01\/Image-2-1152x2048.jpeg 1152w, https:\/\/notredamedestremy.be\/wp-content\/uploads\/2026\/01\/Image-2-scaled.jpeg 1440w\" sizes=\"(max-width: 126px) 100vw, 126px\" \/><\/figure>\n\n\n\n<p>Mme Marilyn Stassen, pu\u00e9ricultrice<\/p>\n\n\n\n<p><\/p>\n<\/div>\n\n\n\n<div class=\"wp-block-column is-layout-flow\">\n<p class=\"has-text-align-center\"><\/p>\n\n\n\n<figure class=\"wp-block-image size-large is-resized\"><img decoding=\"async\" loading=\"lazy\" src=\"https:\/\/notredamedestremy.be\/wp-content\/uploads\/2026\/01\/Image-4-576x1024.jpeg\" alt=\"\" class=\"wp-image-4333\" width=\"124\" height=\"220\" srcset=\"https:\/\/notredamedestremy.be\/wp-content\/uploads\/2026\/01\/Image-4-576x1024.jpeg 576w, https:\/\/notredamedestremy.be\/wp-content\/uploads\/2026\/01\/Image-4-169x300.jpeg 169w, https:\/\/notredamedestremy.be\/wp-content\/uploads\/2026\/01\/Image-4-768x1365.jpeg 768w, https:\/\/notredamedestremy.be\/wp-content\/uploads\/2026\/01\/Image-4-864x1536.jpeg 864w, https:\/\/notredamedestremy.be\/wp-content\/uploads\/2026\/01\/Image-4-1152x2048.jpeg 1152w, https:\/\/notredamedestremy.be\/wp-content\/uploads\/2026\/01\/Image-4-scaled.jpeg 1440w\" sizes=\"(max-width: 124px) 100vw, 124px\" \/><\/figure>\n\n\n\n<p>Mme Cindy Beuvens<\/p>\n\n\n\n<p><\/p>\n<\/div>\n<\/div>\n\n\n\n<p style=\"font-size:23px\">Les primaires<\/p>\n\n\n\n<div class=\"wp-block-columns is-layout-flex wp-container-6\">\n<div class=\"wp-block-column is-layout-flow\">\n<p>Mme Anne-Christine Colson<\/p>\n<\/div>\n\n\n\n<div class=\"wp-block-column is-layout-flow\">\n<p>        Mme Justine Gester<\/p>\n\n\n\n<figure class=\"wp-block-image size-large is-resized\"><img decoding=\"async\" loading=\"lazy\" src=\"https:\/\/notredamedestremy.be\/wp-content\/uploads\/2026\/01\/Image-3-576x1024.jpeg\" alt=\"\" class=\"wp-image-4335\" width=\"139\" height=\"247\" srcset=\"https:\/\/notredamedestremy.be\/wp-content\/uploads\/2026\/01\/Image-3-576x1024.jpeg 576w, https:\/\/notredamedestremy.be\/wp-content\/uploads\/2026\/01\/Image-3-169x300.jpeg 169w, https:\/\/notredamedestremy.be\/wp-content\/uploads\/2026\/01\/Image-3-768x1365.jpeg 768w, https:\/\/notredamedestremy.be\/wp-content\/uploads\/2026\/01\/Image-3-864x1536.jpeg 864w, https:\/\/notredamedestremy.be\/wp-content\/uploads\/2026\/01\/Image-3-1152x2048.jpeg 1152w, https:\/\/notredamedestremy.be\/wp-content\/uploads\/2026\/01\/Image-3-scaled.jpeg 1440w\" sizes=\"(max-width: 139px) 100vw, 139px\" \/><\/figure>\n\n\n\n<p>1e et 2e primaire<\/p>\n<\/div>\n<\/div>\n\n\n\n<div class=\"wp-block-columns is-layout-flex wp-container-9\">\n<div class=\"wp-block-column is-layout-flow\">\n<p>Mme Sylvie Gutkin <\/p>\n\n\n\n<figure class=\"wp-block-image size-large is-resized\"><img decoding=\"async\" loading=\"lazy\" src=\"https:\/\/notredamedestremy.be\/wp-content\/uploads\/2026\/01\/Image-1-576x1024.jpeg\" alt=\"\" class=\"wp-image-4336\" width=\"132\" height=\"235\" srcset=\"https:\/\/notredamedestremy.be\/wp-content\/uploads\/2026\/01\/Image-1-576x1024.jpeg 576w, https:\/\/notredamedestremy.be\/wp-content\/uploads\/2026\/01\/Image-1-169x300.jpeg 169w, https:\/\/notredamedestremy.be\/wp-content\/uploads\/2026\/01\/Image-1-768x1365.jpeg 768w, https:\/\/notredamedestremy.be\/wp-content\/uploads\/2026\/01\/Image-1-864x1536.jpeg 864w, https:\/\/notredamedestremy.be\/wp-content\/uploads\/2026\/01\/Image-1-1152x2048.jpeg 1152w, https:\/\/notredamedestremy.be\/wp-content\/uploads\/2026\/01\/Image-1-scaled.jpeg 1440w\" sizes=\"(max-width: 132px) 100vw, 132px\" \/><\/figure>\n\n\n\n<p>3e et 4e primaire<\/p>\n<\/div>\n\n\n\n<div class=\"wp-block-column is-layout-flow\">\n<p>Mme H\u00e9l\u00e8ne Derckenne<\/p>\n\n\n\n<figure class=\"wp-block-image size-large is-resized\"><img decoding=\"async\" loading=\"lazy\" src=\"https:\/\/notredamedestremy.be\/wp-content\/uploads\/2026\/01\/Image-576x1024.jpeg\" alt=\"\" class=\"wp-image-4338\" width=\"132\" height=\"233\"\/><\/figure>\n\n\n\n<p>5e et 6e primaire<\/p>\n<\/div>\n<\/div>\n\n\n\n<div class=\"wp-block-columns is-layout-flex wp-container-13\">\n<div class=\"wp-block-column is-layout-flow\">\n<p class=\"has-text-align-center\"><\/p>\n\n\n\n<p><\/p>\n<\/div>\n\n\n\n<div class=\"wp-block-column is-layout-flow\">\n<p class=\"has-text-align-center\"><\/p>\n<\/div>\n\n\n\n<div class=\"wp-block-column is-layout-flow\"><\/div>\n<\/div>\n\n\n\n<p style=\"font-size:23px\">Les ma\u00eetres sp\u00e9ciaux<\/p>\n\n\n\n<div class=\"wp-block-columns is-layout-flex wp-container-17\">\n<div class=\"wp-block-column is-layout-flow\">\n<p class=\"has-text-align-center\">Mme Sarah Marcotty<\/p>\n\n\n\n<figure class=\"wp-block-image size-large\"><img decoding=\"async\" loading=\"lazy\" width=\"911\" height=\"1024\" src=\"http:\/\/notredamedestremy.be\/wp-content\/uploads\/2019\/12\/20191206_122026-1-911x1024.jpg\" alt=\"\" class=\"wp-image-927\" srcset=\"https:\/\/notredamedestremy.be\/wp-content\/uploads\/2019\/12\/20191206_122026-1-911x1024.jpg 911w, https:\/\/notredamedestremy.be\/wp-content\/uploads\/2019\/12\/20191206_122026-1-267x300.jpg 267w, https:\/\/notredamedestremy.be\/wp-content\/uploads\/2019\/12\/20191206_122026-1-768x863.jpg 768w, https:\/\/notredamedestremy.be\/wp-content\/uploads\/2019\/12\/20191206_122026-1-1366x1536.jpg 1366w, https:\/\/notredamedestremy.be\/wp-content\/uploads\/2019\/12\/20191206_122026-1.jpg 1580w\" sizes=\"(max-width: 706px) 89vw, (max-width: 767px) 82vw, 740px\" \/><figcaption class=\"wp-element-caption\">\u00c9ducation physique \/<br>Psychomotricit\u00e9<\/figcaption><\/figure>\n<\/div>\n\n\n\n<div class=\"wp-block-column is-layout-flow\">\n<p class=\"has-text-align-center\"><\/p>\n<\/div>\n\n\n\n<div class=\"wp-block-column is-layout-flow\">\n<p>Mr Daniel Serafin<\/p>\n\n\n\n<figure class=\"wp-block-image size-full is-resized\"><img decoding=\"async\" loading=\"lazy\" src=\"http:\/\/notredamedestremy.be\/wp-content\/uploads\/2023\/07\/45524613_345074346300847_3958350647220240384_n-1.jpg\" alt=\"\" class=\"wp-image-3409\" width=\"160\" height=\"230\"\/><figcaption class=\"wp-element-caption\">                 Anglais<\/figcaption><\/figure>\n\n\n\n<p><\/p>\n\n\n\n<p style=\"font-size:14px\"><\/p>\n\n\n\n<p><\/p>\n\n\n\n<p><\/p>\n\n\n\n<p><\/p>\n\n\n\n<p><\/p>\n\n\n\n<p><\/p>\n<\/div>\n<\/div>\n","protected":false},"excerpt":{"rendered":"<p>La direction Mme Grattagliano Maria Secr\u00e9tariat Mme C\u00e9line Gallait Les maternelles Mme Aur\u00e9lie Randaxhe Mme Marilyn Stassen, pu\u00e9ricultrice Mme Cindy Beuvens Les primaires Mme Anne-Christine Colson Mme Justine Gester 1e et 2e primaire Mme Sylvie Gutkin 3e et 4e primaire Mme H\u00e9l\u00e8ne Derckenne 5e et 6e primaire Les ma\u00eetres sp\u00e9ciaux Mme Sarah Marcotty Mr Daniel &hellip; <\/p>\n<p class=\"link-more\"><a href=\"https:\/\/notredamedestremy.be\/?page_id=721\" class=\"more-link\">Continuer la lecture<span class=\"screen-reader-text\"> de &laquo;&nbsp;L&rsquo;\u00e9quipe p\u00e9dagogique&nbsp;&raquo;<\/span><\/a><\/p>\n","protected":false},"author":1,"featured_media":0,"parent":651,"menu_order":3,"comment_status":"closed","ping_status":"closed","template":"","meta":{"ngg_post_thumbnail":0},"_links":{"self":[{"href":"https:\/\/notredamedestremy.be\/index.php?rest_route=\/wp\/v2\/pages\/721"}],"collection":[{"href":"https:\/\/notredamedestremy.be\/index.php?rest_route=\/wp\/v2\/pages"}],"about":[{"href":"https:\/\/notredamedestremy.be\/index.php?rest_route=\/wp\/v2\/types\/page"}],"author":[{"embeddable":true,"href":"https:\/\/notredamedestremy.be\/index.php?rest_route=\/wp\/v2\/users\/1"}],"replies":[{"embeddable":true,"href":"https:\/\/notredamedestremy.be\/index.php?rest_route=%2Fwp%2Fv2%2Fcomments&post=721"}],"version-history":[{"count":47,"href":"https:\/\/notredamedestremy.be\/index.php?rest_route=\/wp\/v2\/pages\/721\/revisions"}],"predecessor-version":[{"id":4339,"href":"https:\/\/notredamedestremy.be\/index.php?rest_route=\/wp\/v2\/pages\/721\/revisions\/4339"}],"up":[{"embeddable":true,"href":"https:\/\/notredamedestremy.be\/index.php?rest_route=\/wp\/v2\/pages\/651"}],"wp:attachment":[{"href":"https:\/\/notredamedestremy.be\/index.php?rest_route=%2Fwp%2Fv2%2Fmedia&parent=721"}],"curies":[{"name":"wp","href":"https:\/\/api.w.org\/{rel}","templated":true}]}}