{"id":730,"date":"2019-10-27T21:11:38","date_gmt":"2019-10-27T20:11:38","guid":{"rendered":"http:\/\/notredamedestremy.be\/?page_id=730"},"modified":"2020-05-13T08:38:14","modified_gmt":"2020-05-13T06:38:14","slug":"projet-educatif-2","status":"publish","type":"page","link":"https:\/\/notredamedestremy.be\/?page_id=730","title":{"rendered":"PROJET \u00c9DUCATIF"},"content":{"rendered":"<p><span style=\"font-family: Arial, sans-serif;\"><span style=\"font-size: x-large;\"><span style=\"font-size: medium;\"> NOTRE PROJET&nbsp;<\/span><\/span><\/span><span style=\"font-family: Arial, sans-serif; font-size: medium;\">\u00c9DUCATIF<\/span><\/p>\n<p><span style=\"font-family: Arial, sans-serif;\"><span style=\"font-size: medium;\">Il s&rsquo;inscrit dans les objectifs g\u00e9n\u00e9raux de l&rsquo;\u00e9cole chr\u00e9tienne dans le souci de d\u00e9velopper la personnalit\u00e9 tout enti\u00e8re de <\/span><\/span><span style=\"font-family: Arial, sans-serif;\"><span style=\"font-size: medium;\"><span style=\"color: #1c1c1c;\"><b>tous les enfants <\/b><\/span><span style=\"color: #1c1c1c;\">et de <\/span><span style=\"color: #1c1c1c;\"><b>chaque enfant<\/b><\/span><span style=\"color: #1c1c1c;\">.<\/span> Il est en coh\u00e9rence avec le Conseil G\u00e9n\u00e9ral de l&rsquo;Enseignement Catholique.<\/span><\/span><\/p>\n<ul>\n<li><span style=\"font-family: Arial, sans-serif;\"><span style=\"font-size: medium;\">Accueil de tous.<b><\/b><\/span><\/span><\/li>\n<li>Enfant acteur de ses apprentissages.<\/li>\n<li>Education \u00e0 l&rsquo;autonomie et la libert\u00e9.<\/li>\n<li>Education \u00e0 l&rsquo;esth\u00e9tique.<\/li>\n<li>Education corporelle.<\/li>\n<\/ul>\n<p><span style=\"color: #1c1c1c;\"><span style=\"font-family: Arial, sans-serif;\"><span style=\"font-size: medium;\">Et ainsi, en faire un citoyen responsable dans sa vie sociale et \u00e9conomique en lui apprenant \u00e0 vivre en communaut\u00e9 dans l&rsquo;esprit de l\u2019\u00c9vangile et la connaissance de J\u00e9sus-Christ.<\/span><\/span><\/span><\/p>\n","protected":false},"excerpt":{"rendered":"<p>NOTRE PROJET&nbsp;\u00c9DUCATIF Il s&rsquo;inscrit dans les objectifs g\u00e9n\u00e9raux de l&rsquo;\u00e9cole chr\u00e9tienne dans le souci de d\u00e9velopper la personnalit\u00e9 tout enti\u00e8re de tous les enfants et de chaque enfant. Il est en coh\u00e9rence avec le Conseil G\u00e9n\u00e9ral de l&rsquo;Enseignement Catholique. Accueil de tous. Enfant acteur de ses apprentissages. Education \u00e0 l&rsquo;autonomie et la libert\u00e9. Education \u00e0 &hellip; <\/p>\n<p class=\"link-more\"><a href=\"https:\/\/notredamedestremy.be\/?page_id=730\" class=\"more-link\">Continuer la lecture<span class=\"screen-reader-text\"> de &laquo;&nbsp;PROJET \u00c9DUCATIF&nbsp;&raquo;<\/span><\/a><\/p>\n","protected":false},"author":1,"featured_media":0,"parent":738,"menu_order":1,"comment_status":"closed","ping_status":"closed","template":"","meta":{"ngg_post_thumbnail":0},"_links":{"self":[{"href":"https:\/\/notredamedestremy.be\/index.php?rest_route=\/wp\/v2\/pages\/730"}],"collection":[{"href":"https:\/\/notredamedestremy.be\/index.php?rest_route=\/wp\/v2\/pages"}],"about":[{"href":"https:\/\/notredamedestremy.be\/index.php?rest_route=\/wp\/v2\/types\/page"}],"author":[{"embeddable":true,"href":"https:\/\/notredamedestremy.be\/index.php?rest_route=\/wp\/v2\/users\/1"}],"replies":[{"embeddable":true,"href":"https:\/\/notredamedestremy.be\/index.php?rest_route=%2Fwp%2Fv2%2Fcomments&post=730"}],"version-history":[{"count":7,"href":"https:\/\/notredamedestremy.be\/index.php?rest_route=\/wp\/v2\/pages\/730\/revisions"}],"predecessor-version":[{"id":1192,"href":"https:\/\/notredamedestremy.be\/index.php?rest_route=\/wp\/v2\/pages\/730\/revisions\/1192"}],"up":[{"embeddable":true,"href":"https:\/\/notredamedestremy.be\/index.php?rest_route=\/wp\/v2\/pages\/738"}],"wp:attachment":[{"href":"https:\/\/notredamedestremy.be\/index.php?rest_route=%2Fwp%2Fv2%2Fmedia&parent=730"}],"curies":[{"name":"wp","href":"https:\/\/api.w.org\/{rel}","templated":true}]}}