{"id":734,"date":"2019-10-27T21:12:19","date_gmt":"2019-10-27T20:12:19","guid":{"rendered":"http:\/\/notredamedestremy.be\/?page_id=734"},"modified":"2021-06-14T11:27:51","modified_gmt":"2021-06-14T09:27:51","slug":"projet-pedagogique-2","status":"publish","type":"page","link":"https:\/\/notredamedestremy.be\/?page_id=734","title":{"rendered":"PROJET P\u00c9DAGOGIQUE"},"content":{"rendered":"<p><strong>NOTRE PROJET P\u00c9DAGOGIQUE &nbsp;<\/strong> est:<\/p>\n<p>d\u2019aider&nbsp;les enfants&nbsp;\u00e0 d\u00e9velopper<strong> des comp\u00e9tences&nbsp;<\/strong>r<strong>elationnelles cognitives instrumentales.<\/strong><\/p>\n<p>Pour ce faire, nous pla\u00e7ons l\u2019enfant dans des situations de recherche qui mobilisent ses acquis.<\/p>\n<p>C\u2019est par le recours:<\/p>\n<ul>\n<li><strong>&nbsp;\u00e0 la p\u00e9dagogie diff\u00e9renci\u00e9e, <\/strong>en variant les portes d\u2019entr\u00e9e de l\u2019apprentissage, la vari\u00e9t\u00e9 du mat\u00e9riel, les m\u00e9thodes et les situations didactiques qui ont du sens, issues de contexte de vie.<\/li>\n<\/ul>\n<p>et<\/p>\n<ul>\n<li>&nbsp;<strong>\u00e0 l\u2019\u00e9valuation formative <\/strong>qui permet aux enfants de r\u00e9fl\u00e9chir \u00e0 leurs d\u00e9marches du chemin parcouru, de prendre conscience de ses forces, de ses faiblesses et d\u2019y rem\u00e9dier en dialogue avec tous les acteurs&nbsp;( condisciples, enseignants, parents)<\/li>\n<\/ul>\n<p>que nous rendons l\u2019enfant acteur de son apprentissage.<\/p>\n<p>&nbsp;<\/p>\n<p>&nbsp;<\/p>\n<p class=\"contenu-du-cadre\">&nbsp;<\/p>\n","protected":false},"excerpt":{"rendered":"<p>NOTRE PROJET P\u00c9DAGOGIQUE &nbsp; est: d\u2019aider&nbsp;les enfants&nbsp;\u00e0 d\u00e9velopper des comp\u00e9tences&nbsp;relationnelles cognitives instrumentales. Pour ce faire, nous pla\u00e7ons l\u2019enfant dans des situations de recherche qui mobilisent ses acquis. C\u2019est par le recours: &nbsp;\u00e0 la p\u00e9dagogie diff\u00e9renci\u00e9e, en variant les portes d\u2019entr\u00e9e de l\u2019apprentissage, la vari\u00e9t\u00e9 du mat\u00e9riel, les m\u00e9thodes et les situations didactiques qui ont du &hellip; <\/p>\n<p class=\"link-more\"><a href=\"https:\/\/notredamedestremy.be\/?page_id=734\" class=\"more-link\">Continuer la lecture<span class=\"screen-reader-text\"> de &laquo;&nbsp;PROJET P\u00c9DAGOGIQUE&nbsp;&raquo;<\/span><\/a><\/p>\n","protected":false},"author":1,"featured_media":0,"parent":738,"menu_order":2,"comment_status":"closed","ping_status":"closed","template":"","meta":{"ngg_post_thumbnail":0},"_links":{"self":[{"href":"https:\/\/notredamedestremy.be\/index.php?rest_route=\/wp\/v2\/pages\/734"}],"collection":[{"href":"https:\/\/notredamedestremy.be\/index.php?rest_route=\/wp\/v2\/pages"}],"about":[{"href":"https:\/\/notredamedestremy.be\/index.php?rest_route=\/wp\/v2\/types\/page"}],"author":[{"embeddable":true,"href":"https:\/\/notredamedestremy.be\/index.php?rest_route=\/wp\/v2\/users\/1"}],"replies":[{"embeddable":true,"href":"https:\/\/notredamedestremy.be\/index.php?rest_route=%2Fwp%2Fv2%2Fcomments&post=734"}],"version-history":[{"count":6,"href":"https:\/\/notredamedestremy.be\/index.php?rest_route=\/wp\/v2\/pages\/734\/revisions"}],"predecessor-version":[{"id":2125,"href":"https:\/\/notredamedestremy.be\/index.php?rest_route=\/wp\/v2\/pages\/734\/revisions\/2125"}],"up":[{"embeddable":true,"href":"https:\/\/notredamedestremy.be\/index.php?rest_route=\/wp\/v2\/pages\/738"}],"wp:attachment":[{"href":"https:\/\/notredamedestremy.be\/index.php?rest_route=%2Fwp%2Fv2%2Fmedia&parent=734"}],"curies":[{"name":"wp","href":"https:\/\/api.w.org\/{rel}","templated":true}]}}