{"id":738,"date":"2019-10-27T21:14:22","date_gmt":"2019-10-27T20:14:22","guid":{"rendered":"http:\/\/notredamedestremy.be\/?page_id=738"},"modified":"2019-10-28T10:45:18","modified_gmt":"2019-10-28T09:45:18","slug":"projet-detablissement-2","status":"publish","type":"page","link":"https:\/\/notredamedestremy.be\/?page_id=738","title":{"rendered":"PROJET D&rsquo;\u00c9TABLISSEMENT"},"content":{"rendered":"<h2><strong>\u00a0<\/strong><span style=\"font-family: Arial, sans-serif;\"><span style=\"font-size: medium;\"><b>NOTRE PROJET D&rsquo; ETABLISSEMENT<\/b><\/span><\/span><\/h2>\n<p><span style=\"font-size: medium;\"><span style=\"font-family: Arial, sans-serif;\">Notre \u00e9cole compte<strong>\u00a0<\/strong><\/span><\/span><span style=\"font-family: MV Boli;\"><span style=\"font-size: medium;\"><span style=\"color: #333333;\"><span style=\"font-family: Arial, sans-serif;\"><span style=\"font-size: large;\"><b>2 sites:<\/b>\u00a0<\/span><\/span><\/span><\/span><\/span><span style=\"font-family: MV Boli;\"><span style=\"font-size: medium;\"><span style=\"color: #333333;\"><span style=\"font-family: Arial, sans-serif;\">Saint-Remy &#8211;\u00a0<\/span><\/span><span style=\"color: #333333;\"><span style=\"font-family: Arial, sans-serif;\">Cheratte <\/span><\/span> <\/span><\/span><\/p>\n<p>La priorit\u00e9 de travail porte depuis sa cr\u00e9ation sur\u00a0<span style=\"font-family: Arial, sans-serif;\"><span style=\"font-size: medium;\"><span style=\"color: #333333;\">la communication:<\/span><\/span><\/span><\/p>\n<p><strong>\u00a0 Ecole\/enfants\/parents\/enfants\/\u00e9cole\/parents\/enfants&#8230;<\/strong><\/p>\n<p>Nous souhaitons le vivre en synergie et au travers de:<\/p>\n<p>la farde,\u00abzoom\u00bb, le bulletin, les valves, les lettres, le journal de classe, la farde de communication, les r\u00e9unions, les festivit\u00e9s, le site, les r\u00e9seaux sociaux&#8230;..<\/p>\n<p>Nous le vivrons au travers d&rsquo;activit\u00e9s au quotidien dans le domaine:<\/p>\n<ul>\n<li>\u00e9ducatif;<\/li>\n<li>pastoral.<\/li>\n<li>p\u00e9dagogique.<\/li>\n<\/ul>\n<p>&nbsp;<\/p>\n","protected":false},"excerpt":{"rendered":"<p>\u00a0NOTRE PROJET D&rsquo; ETABLISSEMENT Notre \u00e9cole compte\u00a02 sites:\u00a0Saint-Remy &#8211;\u00a0Cheratte La priorit\u00e9 de travail porte depuis sa cr\u00e9ation sur\u00a0la communication: \u00a0 Ecole\/enfants\/parents\/enfants\/\u00e9cole\/parents\/enfants&#8230; Nous souhaitons le vivre en synergie et au travers de: la farde,\u00abzoom\u00bb, le bulletin, les valves, les lettres, le journal de classe, la farde de communication, les r\u00e9unions, les festivit\u00e9s, le site, les r\u00e9seaux &hellip; <\/p>\n<p class=\"link-more\"><a href=\"https:\/\/notredamedestremy.be\/?page_id=738\" class=\"more-link\">Continuer la lecture<span class=\"screen-reader-text\"> de &laquo;&nbsp;PROJET D&rsquo;\u00c9TABLISSEMENT&nbsp;&raquo;<\/span><\/a><\/p>\n","protected":false},"author":1,"featured_media":0,"parent":0,"menu_order":0,"comment_status":"closed","ping_status":"closed","template":"","meta":{"ngg_post_thumbnail":0},"_links":{"self":[{"href":"https:\/\/notredamedestremy.be\/index.php?rest_route=\/wp\/v2\/pages\/738"}],"collection":[{"href":"https:\/\/notredamedestremy.be\/index.php?rest_route=\/wp\/v2\/pages"}],"about":[{"href":"https:\/\/notredamedestremy.be\/index.php?rest_route=\/wp\/v2\/types\/page"}],"author":[{"embeddable":true,"href":"https:\/\/notredamedestremy.be\/index.php?rest_route=\/wp\/v2\/users\/1"}],"replies":[{"embeddable":true,"href":"https:\/\/notredamedestremy.be\/index.php?rest_route=%2Fwp%2Fv2%2Fcomments&post=738"}],"version-history":[{"count":3,"href":"https:\/\/notredamedestremy.be\/index.php?rest_route=\/wp\/v2\/pages\/738\/revisions"}],"predecessor-version":[{"id":749,"href":"https:\/\/notredamedestremy.be\/index.php?rest_route=\/wp\/v2\/pages\/738\/revisions\/749"}],"wp:attachment":[{"href":"https:\/\/notredamedestremy.be\/index.php?rest_route=%2Fwp%2Fv2%2Fmedia&parent=738"}],"curies":[{"name":"wp","href":"https:\/\/api.w.org\/{rel}","templated":true}]}}